{"id":163,"date":"2012-07-11T17:34:33","date_gmt":"2012-07-11T15:34:33","guid":{"rendered":"http:\/\/davidperezalonso.com\/blog\/?page_id=163"},"modified":"2012-07-11T17:34:33","modified_gmt":"2012-07-11T15:34:33","slug":"sti","status":"publish","type":"page","link":"https:\/\/davidperezalonso.com\/blog\/sti\/","title":{"rendered":"STI"},"content":{"rendered":"<p><strong>\u00bfQu\u00e9 vas a aprender?<\/strong><\/p>\n<ul>\n<li>Configurar, implantar y mantener sistemas de telefon\u00eda.<\/li>\n<li>Configurar, implantar y mantener sistemas de radio y televisi\u00f3n.<\/li>\n<li>Configurar, implantar y mantener sistemas inform\u00e1ticos monousuario y multiusuario.<\/li>\n<li>Configurar, implantar y mantener sistemas telem\u00e1ticos.<\/li>\n<li>Organizar, gestionar y controlar la ejecuci\u00f3n y mantenimiento de los sistemas de telecomunicaci\u00f3n e inform\u00e1ticos.y comercializaci\u00f3n en una peque\u00f1a empresa o taller.<\/li>\n<\/ul>\n<p><strong>M\u00f3dulos Formativos Primer Curso:<\/strong><\/p>\n<ul>\n<li>Sistemas de Telefon\u00eda<\/li>\n<li>Arquitectura de Equipos y Sistemas Inform\u00e1ticos<\/li>\n<li>Sistemas Operativos y Lenguajes de Programaci\u00f3n<\/li>\n<li>Seguridad en las Instalaciones de Telecomunicaci\u00f3n e Inform\u00e1tica<\/li>\n<li>\u00a0Calidad<\/li>\n<li>\u00a0Relaciones en el Entorno de Trabajo<\/li>\n<li>\u00a0Formaci\u00f3n y Orientaci\u00f3n Laboral<\/li>\n<\/ul>\n<div><\/div>\n<div><strong>M\u00f3dulos Formativos Segundo Curso:<\/strong><\/div>\n<div><\/div>\n<ul>\n<li>Sistemas de Radio y Televisi\u00f3n<\/li>\n<li>Sistemas Telem\u00e1ticos<\/li>\n<li>Desarrollo de Sistemas de Telecomunicaci\u00f3n e Inform\u00e1ticos<\/li>\n<li>Gesti\u00f3n del Desarrollo de Sistemas de Telecomunicaci\u00f3n e Inform\u00e1ticos<\/li>\n<li>Administraci\u00f3n, Gesti\u00f3n y Comercializaci\u00f3n en la Peque\u00f1a Empresa<\/li>\n<li>Formaci\u00f3n en Centros de Trabajo<\/li>\n<\/ul>\n","protected":false},"excerpt":{"rendered":"<p>\u00bfQu\u00e9 vas a aprender? Configurar, implantar y mantener sistemas de telefon\u00eda. Configurar, implantar y mantener sistemas de radio y televisi\u00f3n. Configurar, implantar y mantener sistemas inform\u00e1ticos monousuario y multiusuario. Configurar, implantar y mantener sistemas&#46;&#46;&#46;<\/p>\n","protected":false},"author":1,"featured_media":0,"parent":0,"menu_order":3,"comment_status":"open","ping_status":"closed","template":"","meta":{"footnotes":""},"class_list":["post-163","page","type-page","status-publish","hentry"],"yoast_head":"<!-- This site is optimized with the Yoast SEO plugin v27.0 - https:\/\/yoast.com\/product\/yoast-seo-wordpress\/ -->\n<title>STI &#8211; Blog Docente - David P\u00e9rez Alonso<\/title>\n<meta name=\"robots\" content=\"index, follow, max-snippet:-1, max-image-preview:large, max-video-preview:-1\" \/>\n<link rel=\"canonical\" href=\"https:\/\/davidperezalonso.com\/blog\/sti\/\" \/>\n<meta property=\"og:locale\" content=\"es_ES\" \/>\n<meta property=\"og:type\" content=\"article\" \/>\n<meta property=\"og:title\" content=\"STI &#8211; Blog Docente - David P\u00e9rez Alonso\" \/>\n<meta property=\"og:description\" content=\"\u00bfQu\u00e9 vas a aprender? Configurar, implantar y mantener sistemas de telefon\u00eda. Configurar, implantar y mantener sistemas de radio y televisi\u00f3n. Configurar, implantar y mantener sistemas inform\u00e1ticos monousuario y multiusuario. Configurar, implantar y mantener sistemas&#046;&#046;&#046;\" \/>\n<meta property=\"og:url\" content=\"https:\/\/davidperezalonso.com\/blog\/sti\/\" \/>\n<meta property=\"og:site_name\" content=\"Blog Docente - David P\u00e9rez Alonso\" \/>\n<meta name=\"twitter:card\" content=\"summary_large_image\" \/>\n<meta name=\"twitter:site\" content=\"@DavidPerezProfe\" \/>\n<meta name=\"twitter:label1\" content=\"Tiempo de lectura\" \/>\n\t<meta name=\"twitter:data1\" content=\"1 minuto\" \/>\n<script type=\"application\/ld+json\" class=\"yoast-schema-graph\">{\"@context\":\"https:\/\/schema.org\",\"@graph\":[{\"@type\":\"WebPage\",\"@id\":\"https:\/\/davidperezalonso.com\/blog\/sti\/\",\"url\":\"https:\/\/davidperezalonso.com\/blog\/sti\/\",\"name\":\"STI &#8211; Blog Docente - David P\u00e9rez Alonso\",\"isPartOf\":{\"@id\":\"https:\/\/davidperezalonso.com\/blog\/#website\"},\"datePublished\":\"2012-07-11T15:34:33+00:00\",\"breadcrumb\":{\"@id\":\"https:\/\/davidperezalonso.com\/blog\/sti\/#breadcrumb\"},\"inLanguage\":\"es\",\"potentialAction\":[{\"@type\":\"ReadAction\",\"target\":[\"https:\/\/davidperezalonso.com\/blog\/sti\/\"]}]},{\"@type\":\"BreadcrumbList\",\"@id\":\"https:\/\/davidperezalonso.com\/blog\/sti\/#breadcrumb\",\"itemListElement\":[{\"@type\":\"ListItem\",\"position\":1,\"name\":\"Portada\",\"item\":\"https:\/\/davidperezalonso.com\/blog\/\"},{\"@type\":\"ListItem\",\"position\":2,\"name\":\"STI\"}]},{\"@type\":\"WebSite\",\"@id\":\"https:\/\/davidperezalonso.com\/blog\/#website\",\"url\":\"https:\/\/davidperezalonso.com\/blog\/\",\"name\":\"Blog Docente - David P\u00e9rez Alonso\",\"description\":\"Blog sobre mis clases y docencia en Formaci\u00f3n Profesional, Bachillerato y ESO\",\"potentialAction\":[{\"@type\":\"SearchAction\",\"target\":{\"@type\":\"EntryPoint\",\"urlTemplate\":\"https:\/\/davidperezalonso.com\/blog\/?s={search_term_string}\"},\"query-input\":{\"@type\":\"PropertyValueSpecification\",\"valueRequired\":true,\"valueName\":\"search_term_string\"}}],\"inLanguage\":\"es\"}]}<\/script>\n<!-- \/ Yoast SEO plugin. -->","yoast_head_json":{"title":"STI &#8211; Blog Docente - David P\u00e9rez Alonso","robots":{"index":"index","follow":"follow","max-snippet":"max-snippet:-1","max-image-preview":"max-image-preview:large","max-video-preview":"max-video-preview:-1"},"canonical":"https:\/\/davidperezalonso.com\/blog\/sti\/","og_locale":"es_ES","og_type":"article","og_title":"STI &#8211; Blog Docente - David P\u00e9rez Alonso","og_description":"\u00bfQu\u00e9 vas a aprender? Configurar, implantar y mantener sistemas de telefon\u00eda. Configurar, implantar y mantener sistemas de radio y televisi\u00f3n. Configurar, implantar y mantener sistemas inform\u00e1ticos monousuario y multiusuario. Configurar, implantar y mantener sistemas&#46;&#46;&#46;","og_url":"https:\/\/davidperezalonso.com\/blog\/sti\/","og_site_name":"Blog Docente - David P\u00e9rez Alonso","twitter_card":"summary_large_image","twitter_site":"@DavidPerezProfe","twitter_misc":{"Tiempo de lectura":"1 minuto"},"schema":{"@context":"https:\/\/schema.org","@graph":[{"@type":"WebPage","@id":"https:\/\/davidperezalonso.com\/blog\/sti\/","url":"https:\/\/davidperezalonso.com\/blog\/sti\/","name":"STI &#8211; Blog Docente - David P\u00e9rez Alonso","isPartOf":{"@id":"https:\/\/davidperezalonso.com\/blog\/#website"},"datePublished":"2012-07-11T15:34:33+00:00","breadcrumb":{"@id":"https:\/\/davidperezalonso.com\/blog\/sti\/#breadcrumb"},"inLanguage":"es","potentialAction":[{"@type":"ReadAction","target":["https:\/\/davidperezalonso.com\/blog\/sti\/"]}]},{"@type":"BreadcrumbList","@id":"https:\/\/davidperezalonso.com\/blog\/sti\/#breadcrumb","itemListElement":[{"@type":"ListItem","position":1,"name":"Portada","item":"https:\/\/davidperezalonso.com\/blog\/"},{"@type":"ListItem","position":2,"name":"STI"}]},{"@type":"WebSite","@id":"https:\/\/davidperezalonso.com\/blog\/#website","url":"https:\/\/davidperezalonso.com\/blog\/","name":"Blog Docente - David P\u00e9rez Alonso","description":"Blog sobre mis clases y docencia en Formaci\u00f3n Profesional, Bachillerato y ESO","potentialAction":[{"@type":"SearchAction","target":{"@type":"EntryPoint","urlTemplate":"https:\/\/davidperezalonso.com\/blog\/?s={search_term_string}"},"query-input":{"@type":"PropertyValueSpecification","valueRequired":true,"valueName":"search_term_string"}}],"inLanguage":"es"}]}},"_links":{"self":[{"href":"https:\/\/davidperezalonso.com\/blog\/wp-json\/wp\/v2\/pages\/163","targetHints":{"allow":["GET"]}}],"collection":[{"href":"https:\/\/davidperezalonso.com\/blog\/wp-json\/wp\/v2\/pages"}],"about":[{"href":"https:\/\/davidperezalonso.com\/blog\/wp-json\/wp\/v2\/types\/page"}],"author":[{"embeddable":true,"href":"https:\/\/davidperezalonso.com\/blog\/wp-json\/wp\/v2\/users\/1"}],"replies":[{"embeddable":true,"href":"https:\/\/davidperezalonso.com\/blog\/wp-json\/wp\/v2\/comments?post=163"}],"version-history":[{"count":1,"href":"https:\/\/davidperezalonso.com\/blog\/wp-json\/wp\/v2\/pages\/163\/revisions"}],"predecessor-version":[{"id":164,"href":"https:\/\/davidperezalonso.com\/blog\/wp-json\/wp\/v2\/pages\/163\/revisions\/164"}],"wp:attachment":[{"href":"https:\/\/davidperezalonso.com\/blog\/wp-json\/wp\/v2\/media?parent=163"}],"curies":[{"name":"wp","href":"https:\/\/api.w.org\/{rel}","templated":true}]}}